{"id":13174,"date":"2018-11-01T08:38:32","date_gmt":"2018-11-01T08:38:32","guid":{"rendered":"http:\/\/printpress.cmsmasters.net\/?post_type=product&#038;p=13174"},"modified":"2025-05-04T02:50:29","modified_gmt":"2025-05-04T02:50:29","slug":"gheranda-samhita","status":"publish","type":"product","link":"https:\/\/kdham.com\/kdhamproducts\/product\/gheranda-samhita\/","title":{"rendered":"Gheranda Samhita"},"content":{"rendered":"<p>Gheranda Samhita, written by Muni Gheranda, is one of the five representative Hatha Yoga Texts identified by the researchers of Kaivalyadhama. Gheranda calls it Ghata Yoga, However, there is no fundamental difference between Ghata Yoga and Hatha Yoga.<\/p>\n<p>Dividing this Ghata Yoga into seven limbs, Muni Gheranda has presented a total number of 102 practices for the attainment of highest goal i.e. Samadhi. The seven limbs of Ghata Yoga discussed in this text are shodhana kriy\u0101(21), \u0101sana(32), mudra(25), praty\u0101h\u0101ra(5), pr\u0101\u1e47\u0101y\u0101ma(10), dhyana(3) and samadhi(6).<\/p>\n","protected":false},"excerpt":{"rendered":"<p>An important text of Hathayoga critically edited for the first time with introduction, English translation, illustration of yogic practices, notes and appendices.<\/p>\n","protected":false},"featured_media":16267,"comment_status":"open","ping_status":"closed","template":"","meta":{"_eb_attr":""},"product_cat":[231],"product_tag":[],"class_list":{"0":"post-13174","1":"product","2":"type-product","3":"status-publish","4":"has-post-thumbnail","6":"product_cat-hath-yoga-text","8":"first","9":"instock","10":"sold-individually","11":"shipping-taxable","12":"purchasable","13":"product-type-simple"},"yoast_head":"<!-- This site is optimized with the Yoast SEO plugin v23.9 - https:\/\/yoast.com\/wordpress\/plugins\/seo\/ -->\n<title>Gheranda Samhita - Kdhamproducts - Buy Online Kaivalyadhama Publications<\/title>\n<meta name=\"robots\" content=\"index, follow, max-snippet:-1, max-image-preview:large, max-video-preview:-1\" \/>\n<link rel=\"canonical\" href=\"https:\/\/kdham.com\/kdhamproducts\/product\/gheranda-samhita\/\" \/>\n<meta property=\"og:locale\" content=\"en_US\" \/>\n<meta property=\"og:type\" content=\"article\" \/>\n<meta property=\"og:title\" content=\"Gheranda Samhita - Kdhamproducts - Buy Online Kaivalyadhama Publications\" \/>\n<meta property=\"og:description\" content=\"An important text of Hathayoga critically edited for the first time with introduction, English translation, illustration of yogic practices, notes and appendices.\" \/>\n<meta property=\"og:url\" content=\"https:\/\/kdham.com\/kdhamproducts\/product\/gheranda-samhita\/\" \/>\n<meta property=\"og:site_name\" content=\"Kdhamproducts - Buy Online Kaivalyadhama Publications\" \/>\n<meta property=\"article:modified_time\" content=\"2025-05-04T02:50:29+00:00\" \/>\n<meta property=\"og:image\" content=\"https:\/\/kdham.com\/kdhamproducts\/wp-content\/uploads\/2018\/11\/book-6.jpg\" \/>\n\t<meta property=\"og:image:width\" content=\"600\" \/>\n\t<meta property=\"og:image:height\" content=\"957\" \/>\n\t<meta property=\"og:image:type\" content=\"image\/jpeg\" \/>\n<meta name=\"twitter:card\" content=\"summary_large_image\" \/>\n<script type=\"application\/ld+json\" class=\"yoast-schema-graph\">{\"@context\":\"https:\/\/schema.org\",\"@graph\":[{\"@type\":\"WebPage\",\"@id\":\"https:\/\/kdham.com\/kdhamproducts\/product\/gheranda-samhita\/\",\"url\":\"https:\/\/kdham.com\/kdhamproducts\/product\/gheranda-samhita\/\",\"name\":\"Gheranda Samhita - Kdhamproducts - Buy Online Kaivalyadhama Publications\",\"isPartOf\":{\"@id\":\"https:\/\/kdham.com\/kdhamproducts\/#website\"},\"primaryImageOfPage\":{\"@id\":\"https:\/\/kdham.com\/kdhamproducts\/product\/gheranda-samhita\/#primaryimage\"},\"image\":{\"@id\":\"https:\/\/kdham.com\/kdhamproducts\/product\/gheranda-samhita\/#primaryimage\"},\"thumbnailUrl\":\"https:\/\/kdham.com\/kdhamproducts\/wp-content\/uploads\/2018\/11\/book-6.jpg\",\"datePublished\":\"2018-11-01T08:38:32+00:00\",\"dateModified\":\"2025-05-04T02:50:29+00:00\",\"breadcrumb\":{\"@id\":\"https:\/\/kdham.com\/kdhamproducts\/product\/gheranda-samhita\/#breadcrumb\"},\"inLanguage\":\"en-US\",\"potentialAction\":[{\"@type\":\"ReadAction\",\"target\":[\"https:\/\/kdham.com\/kdhamproducts\/product\/gheranda-samhita\/\"]}]},{\"@type\":\"ImageObject\",\"inLanguage\":\"en-US\",\"@id\":\"https:\/\/kdham.com\/kdhamproducts\/product\/gheranda-samhita\/#primaryimage\",\"url\":\"https:\/\/kdham.com\/kdhamproducts\/wp-content\/uploads\/2018\/11\/book-6.jpg\",\"contentUrl\":\"https:\/\/kdham.com\/kdhamproducts\/wp-content\/uploads\/2018\/11\/book-6.jpg\",\"width\":600,\"height\":957},{\"@type\":\"BreadcrumbList\",\"@id\":\"https:\/\/kdham.com\/kdhamproducts\/product\/gheranda-samhita\/#breadcrumb\",\"itemListElement\":[{\"@type\":\"ListItem\",\"position\":1,\"name\":\"Home\",\"item\":\"https:\/\/kdham.com\/kdhamproducts\/\"},{\"@type\":\"ListItem\",\"position\":2,\"name\":\"Shop\",\"item\":\"https:\/\/kdham.com\/kdhamproducts\/shop\/\"},{\"@type\":\"ListItem\",\"position\":3,\"name\":\"Gheranda Samhita\"}]},{\"@type\":\"WebSite\",\"@id\":\"https:\/\/kdham.com\/kdhamproducts\/#website\",\"url\":\"https:\/\/kdham.com\/kdhamproducts\/\",\"name\":\"Kdhamproducts - Buy Online Kaivalyadhama Publications\",\"description\":\"Kaivalyadhama - Where Yoga Tradition and science meet\",\"potentialAction\":[{\"@type\":\"SearchAction\",\"target\":{\"@type\":\"EntryPoint\",\"urlTemplate\":\"https:\/\/kdham.com\/kdhamproducts\/?s={search_term_string}\"},\"query-input\":{\"@type\":\"PropertyValueSpecification\",\"valueRequired\":true,\"valueName\":\"search_term_string\"}}],\"inLanguage\":\"en-US\"}]}<\/script>\n<!-- \/ Yoast SEO plugin. -->","yoast_head_json":{"title":"Gheranda Samhita - Kdhamproducts - Buy Online Kaivalyadhama Publications","robots":{"index":"index","follow":"follow","max-snippet":"max-snippet:-1","max-image-preview":"max-image-preview:large","max-video-preview":"max-video-preview:-1"},"canonical":"https:\/\/kdham.com\/kdhamproducts\/product\/gheranda-samhita\/","og_locale":"en_US","og_type":"article","og_title":"Gheranda Samhita - Kdhamproducts - Buy Online Kaivalyadhama Publications","og_description":"An important text of Hathayoga critically edited for the first time with introduction, English translation, illustration of yogic practices, notes and appendices.","og_url":"https:\/\/kdham.com\/kdhamproducts\/product\/gheranda-samhita\/","og_site_name":"Kdhamproducts - Buy Online Kaivalyadhama Publications","article_modified_time":"2025-05-04T02:50:29+00:00","og_image":[{"width":600,"height":957,"url":"https:\/\/kdham.com\/kdhamproducts\/wp-content\/uploads\/2018\/11\/book-6.jpg","type":"image\/jpeg"}],"twitter_card":"summary_large_image","schema":{"@context":"https:\/\/schema.org","@graph":[{"@type":"WebPage","@id":"https:\/\/kdham.com\/kdhamproducts\/product\/gheranda-samhita\/","url":"https:\/\/kdham.com\/kdhamproducts\/product\/gheranda-samhita\/","name":"Gheranda Samhita - Kdhamproducts - Buy Online Kaivalyadhama Publications","isPartOf":{"@id":"https:\/\/kdham.com\/kdhamproducts\/#website"},"primaryImageOfPage":{"@id":"https:\/\/kdham.com\/kdhamproducts\/product\/gheranda-samhita\/#primaryimage"},"image":{"@id":"https:\/\/kdham.com\/kdhamproducts\/product\/gheranda-samhita\/#primaryimage"},"thumbnailUrl":"https:\/\/kdham.com\/kdhamproducts\/wp-content\/uploads\/2018\/11\/book-6.jpg","datePublished":"2018-11-01T08:38:32+00:00","dateModified":"2025-05-04T02:50:29+00:00","breadcrumb":{"@id":"https:\/\/kdham.com\/kdhamproducts\/product\/gheranda-samhita\/#breadcrumb"},"inLanguage":"en-US","potentialAction":[{"@type":"ReadAction","target":["https:\/\/kdham.com\/kdhamproducts\/product\/gheranda-samhita\/"]}]},{"@type":"ImageObject","inLanguage":"en-US","@id":"https:\/\/kdham.com\/kdhamproducts\/product\/gheranda-samhita\/#primaryimage","url":"https:\/\/kdham.com\/kdhamproducts\/wp-content\/uploads\/2018\/11\/book-6.jpg","contentUrl":"https:\/\/kdham.com\/kdhamproducts\/wp-content\/uploads\/2018\/11\/book-6.jpg","width":600,"height":957},{"@type":"BreadcrumbList","@id":"https:\/\/kdham.com\/kdhamproducts\/product\/gheranda-samhita\/#breadcrumb","itemListElement":[{"@type":"ListItem","position":1,"name":"Home","item":"https:\/\/kdham.com\/kdhamproducts\/"},{"@type":"ListItem","position":2,"name":"Shop","item":"https:\/\/kdham.com\/kdhamproducts\/shop\/"},{"@type":"ListItem","position":3,"name":"Gheranda Samhita"}]},{"@type":"WebSite","@id":"https:\/\/kdham.com\/kdhamproducts\/#website","url":"https:\/\/kdham.com\/kdhamproducts\/","name":"Kdhamproducts - Buy Online Kaivalyadhama Publications","description":"Kaivalyadhama - Where Yoga Tradition and science meet","potentialAction":[{"@type":"SearchAction","target":{"@type":"EntryPoint","urlTemplate":"https:\/\/kdham.com\/kdhamproducts\/?s={search_term_string}"},"query-input":{"@type":"PropertyValueSpecification","valueRequired":true,"valueName":"search_term_string"}}],"inLanguage":"en-US"}]}},"_links":{"self":[{"href":"https:\/\/kdham.com\/kdhamproducts\/wp-json\/wp\/v2\/product\/13174","targetHints":{"allow":["GET"]}}],"collection":[{"href":"https:\/\/kdham.com\/kdhamproducts\/wp-json\/wp\/v2\/product"}],"about":[{"href":"https:\/\/kdham.com\/kdhamproducts\/wp-json\/wp\/v2\/types\/product"}],"replies":[{"embeddable":true,"href":"https:\/\/kdham.com\/kdhamproducts\/wp-json\/wp\/v2\/comments?post=13174"}],"wp:featuredmedia":[{"embeddable":true,"href":"https:\/\/kdham.com\/kdhamproducts\/wp-json\/wp\/v2\/media\/16267"}],"wp:attachment":[{"href":"https:\/\/kdham.com\/kdhamproducts\/wp-json\/wp\/v2\/media?parent=13174"}],"wp:term":[{"taxonomy":"product_cat","embeddable":true,"href":"https:\/\/kdham.com\/kdhamproducts\/wp-json\/wp\/v2\/product_cat?post=13174"},{"taxonomy":"product_tag","embeddable":true,"href":"https:\/\/kdham.com\/kdhamproducts\/wp-json\/wp\/v2\/product_tag?post=13174"}],"curies":[{"name":"wp","href":"https:\/\/api.w.org\/{rel}","templated":true}]}}