{"id":16822,"date":"2021-12-22T11:54:18","date_gmt":"2021-12-22T11:54:18","guid":{"rendered":"https:\/\/kdham.com\/kdhamproducts\/?post_type=product&#038;p=16822"},"modified":"2024-10-13T09:29:18","modified_gmt":"2024-10-13T09:29:18","slug":"through-and-through-yoga","status":"publish","type":"product","link":"https:\/\/kdham.com\/kdhamproducts\/product\/through-and-through-yoga\/","title":{"rendered":"Through and Through Yoga"},"content":{"rendered":"<p>This book brings out the unexplored and thrilling richness of Yoga, its philosophy and practices. From the periphery of Yoga, the reader is led to the core, to the heart of Yoga &#8211; from the plateau to the peaks! The book is not about &#8216;Yoga&#8217; but deals with &#8216;Yoga&#8221;! The practical relevance of philosophy is brought out in simple terms with telling examples appealing to all connected with Yoga &#8211; a lay enthusiast, a student, a teacher, a therapist, a researcher, a spiritual practitioner and a student of philosophy and psychology. The book provides a meeting point between the pundit and the practitioner. It holds the promise of transforming the lives of all those who are concerned with improving the quality of their lives. The topics dealt with are central to Yoga and to Indian Philosophy &#8211; Etymology of \u2018Yoga&#8217;, Holism of Yoga, Gunas, Mind, Pr\u0101n\u0101, Awareness, Samsk\u0101ras, Yoga Therapy, Secret of Excellence and Concept of Time. A chapter is devoted to listing the Fundamental Truths of Yoga which, in a way, summarizes the insights arrived in the other chapters.<\/p>\n","protected":false},"excerpt":{"rendered":"<p>\u201c<i>Dive to the depths of Yoga with\u00a0<\/i><b>\u201cThrough and Through Yoga\u201d by Dr. N. Ganesh Rao.<\/b><\/p>\n<p>The Book is a meeting point of philosophy and practice, of the pundit and the practitioner. Simple explanation of profound concepts with tools for implementation holds the promise of transformation in the lives of the readers be they Yoga students, practitioners, teachers, therapists, researchers or pure enthusiasts sincerely aiming to improve the quality of day to day life.<\/p>\n<p><b>The author, Dr. N. Ganesh Rao<\/b>\u00a0(founder of ACT Yoga), a Professor &amp; Ph. D. Guide in Yoga &amp; Philosophy, has conducted till date more than 21000 sessions in Yoga (theory &amp; practice) all over the world. Associated with several Universities &amp; Yoga Institutes in various capacities, he is an erstwhile Finance Executive, a Professional Soccer player and Coach, an ardent high altitude trekker in the Himalayas.<\/p>\n","protected":false},"featured_media":16825,"comment_status":"open","ping_status":"closed","template":"","meta":{"_eb_attr":""},"product_cat":[236],"product_tag":[],"class_list":{"0":"post-16822","1":"product","2":"type-product","3":"status-publish","4":"has-post-thumbnail","6":"product_cat-philosophy","8":"first","9":"instock","10":"shipping-taxable","11":"purchasable","12":"product-type-simple"},"yoast_head":"<!-- This site is optimized with the Yoast SEO plugin v23.9 - https:\/\/yoast.com\/wordpress\/plugins\/seo\/ -->\n<title>Through and Through Yoga - Kdhamproducts - Buy Online Kaivalyadhama Publications<\/title>\n<meta name=\"robots\" content=\"index, follow, max-snippet:-1, max-image-preview:large, max-video-preview:-1\" \/>\n<link rel=\"canonical\" href=\"https:\/\/kdham.com\/kdhamproducts\/product\/through-and-through-yoga\/\" \/>\n<meta property=\"og:locale\" content=\"en_US\" \/>\n<meta property=\"og:type\" content=\"article\" \/>\n<meta property=\"og:title\" content=\"Through and Through Yoga - Kdhamproducts - Buy Online Kaivalyadhama Publications\" \/>\n<meta property=\"og:description\" content=\"\u201cDive to the depths of Yoga with\u00a0\u201cThrough and Through Yoga\u201d by Dr. N. Ganesh Rao.  The Book is a meeting point of philosophy and practice, of the pundit and the practitioner. Simple explanation of profound concepts with tools for implementation holds the promise of transformation in the lives of the readers be they Yoga students, practitioners, teachers, therapists, researchers or pure enthusiasts sincerely aiming to improve the quality of day to day life.  The author, Dr. N. Ganesh Rao\u00a0(founder of ACT Yoga), a Professor &amp; Ph. D. Guide in Yoga &amp; Philosophy, has conducted till date more than 21000 sessions in Yoga (theory &amp; practice) all over the world. Associated with several Universities &amp; Yoga Institutes in various capacities, he is an erstwhile Finance Executive, a Professional Soccer player and Coach, an ardent high altitude trekker in the Himalayas.\" \/>\n<meta property=\"og:url\" content=\"https:\/\/kdham.com\/kdhamproducts\/product\/through-and-through-yoga\/\" \/>\n<meta property=\"og:site_name\" content=\"Kdhamproducts - Buy Online Kaivalyadhama Publications\" \/>\n<meta property=\"article:modified_time\" content=\"2024-10-13T09:29:18+00:00\" \/>\n<meta property=\"og:image\" content=\"https:\/\/kdham.com\/kdhamproducts\/wp-content\/uploads\/2021\/12\/book-77.jpg\" \/>\n\t<meta property=\"og:image:width\" content=\"600\" \/>\n\t<meta property=\"og:image:height\" content=\"957\" \/>\n\t<meta property=\"og:image:type\" content=\"image\/jpeg\" \/>\n<meta name=\"twitter:card\" content=\"summary_large_image\" \/>\n<meta name=\"twitter:label1\" content=\"Est. reading time\" \/>\n\t<meta name=\"twitter:data1\" content=\"1 minute\" \/>\n<script type=\"application\/ld+json\" class=\"yoast-schema-graph\">{\"@context\":\"https:\/\/schema.org\",\"@graph\":[{\"@type\":\"WebPage\",\"@id\":\"https:\/\/kdham.com\/kdhamproducts\/product\/through-and-through-yoga\/\",\"url\":\"https:\/\/kdham.com\/kdhamproducts\/product\/through-and-through-yoga\/\",\"name\":\"Through and Through Yoga - Kdhamproducts - Buy Online Kaivalyadhama Publications\",\"isPartOf\":{\"@id\":\"https:\/\/kdham.com\/kdhamproducts\/#website\"},\"primaryImageOfPage\":{\"@id\":\"https:\/\/kdham.com\/kdhamproducts\/product\/through-and-through-yoga\/#primaryimage\"},\"image\":{\"@id\":\"https:\/\/kdham.com\/kdhamproducts\/product\/through-and-through-yoga\/#primaryimage\"},\"thumbnailUrl\":\"https:\/\/kdham.com\/kdhamproducts\/wp-content\/uploads\/2021\/12\/book-77.jpg\",\"datePublished\":\"2021-12-22T11:54:18+00:00\",\"dateModified\":\"2024-10-13T09:29:18+00:00\",\"breadcrumb\":{\"@id\":\"https:\/\/kdham.com\/kdhamproducts\/product\/through-and-through-yoga\/#breadcrumb\"},\"inLanguage\":\"en-US\",\"potentialAction\":[{\"@type\":\"ReadAction\",\"target\":[\"https:\/\/kdham.com\/kdhamproducts\/product\/through-and-through-yoga\/\"]}]},{\"@type\":\"ImageObject\",\"inLanguage\":\"en-US\",\"@id\":\"https:\/\/kdham.com\/kdhamproducts\/product\/through-and-through-yoga\/#primaryimage\",\"url\":\"https:\/\/kdham.com\/kdhamproducts\/wp-content\/uploads\/2021\/12\/book-77.jpg\",\"contentUrl\":\"https:\/\/kdham.com\/kdhamproducts\/wp-content\/uploads\/2021\/12\/book-77.jpg\",\"width\":600,\"height\":957},{\"@type\":\"BreadcrumbList\",\"@id\":\"https:\/\/kdham.com\/kdhamproducts\/product\/through-and-through-yoga\/#breadcrumb\",\"itemListElement\":[{\"@type\":\"ListItem\",\"position\":1,\"name\":\"Home\",\"item\":\"https:\/\/kdham.com\/kdhamproducts\/\"},{\"@type\":\"ListItem\",\"position\":2,\"name\":\"Shop\",\"item\":\"https:\/\/kdham.com\/kdhamproducts\/shop\/\"},{\"@type\":\"ListItem\",\"position\":3,\"name\":\"Through and Through Yoga\"}]},{\"@type\":\"WebSite\",\"@id\":\"https:\/\/kdham.com\/kdhamproducts\/#website\",\"url\":\"https:\/\/kdham.com\/kdhamproducts\/\",\"name\":\"Kdhamproducts - Buy Online Kaivalyadhama Publications\",\"description\":\"Kaivalyadhama - Where Yoga Tradition and science meet\",\"potentialAction\":[{\"@type\":\"SearchAction\",\"target\":{\"@type\":\"EntryPoint\",\"urlTemplate\":\"https:\/\/kdham.com\/kdhamproducts\/?s={search_term_string}\"},\"query-input\":{\"@type\":\"PropertyValueSpecification\",\"valueRequired\":true,\"valueName\":\"search_term_string\"}}],\"inLanguage\":\"en-US\"}]}<\/script>\n<!-- \/ Yoast SEO plugin. -->","yoast_head_json":{"title":"Through and Through Yoga - Kdhamproducts - Buy Online Kaivalyadhama Publications","robots":{"index":"index","follow":"follow","max-snippet":"max-snippet:-1","max-image-preview":"max-image-preview:large","max-video-preview":"max-video-preview:-1"},"canonical":"https:\/\/kdham.com\/kdhamproducts\/product\/through-and-through-yoga\/","og_locale":"en_US","og_type":"article","og_title":"Through and Through Yoga - Kdhamproducts - Buy Online Kaivalyadhama Publications","og_description":"\u201cDive to the depths of Yoga with\u00a0\u201cThrough and Through Yoga\u201d by Dr. N. Ganesh Rao.  The Book is a meeting point of philosophy and practice, of the pundit and the practitioner. Simple explanation of profound concepts with tools for implementation holds the promise of transformation in the lives of the readers be they Yoga students, practitioners, teachers, therapists, researchers or pure enthusiasts sincerely aiming to improve the quality of day to day life.  The author, Dr. N. Ganesh Rao\u00a0(founder of ACT Yoga), a Professor &amp; Ph. D. Guide in Yoga &amp; Philosophy, has conducted till date more than 21000 sessions in Yoga (theory &amp; practice) all over the world. Associated with several Universities &amp; Yoga Institutes in various capacities, he is an erstwhile Finance Executive, a Professional Soccer player and Coach, an ardent high altitude trekker in the Himalayas.","og_url":"https:\/\/kdham.com\/kdhamproducts\/product\/through-and-through-yoga\/","og_site_name":"Kdhamproducts - Buy Online Kaivalyadhama Publications","article_modified_time":"2024-10-13T09:29:18+00:00","og_image":[{"width":600,"height":957,"url":"https:\/\/kdham.com\/kdhamproducts\/wp-content\/uploads\/2021\/12\/book-77.jpg","type":"image\/jpeg"}],"twitter_card":"summary_large_image","twitter_misc":{"Est. reading time":"1 minute"},"schema":{"@context":"https:\/\/schema.org","@graph":[{"@type":"WebPage","@id":"https:\/\/kdham.com\/kdhamproducts\/product\/through-and-through-yoga\/","url":"https:\/\/kdham.com\/kdhamproducts\/product\/through-and-through-yoga\/","name":"Through and Through Yoga - Kdhamproducts - Buy Online Kaivalyadhama Publications","isPartOf":{"@id":"https:\/\/kdham.com\/kdhamproducts\/#website"},"primaryImageOfPage":{"@id":"https:\/\/kdham.com\/kdhamproducts\/product\/through-and-through-yoga\/#primaryimage"},"image":{"@id":"https:\/\/kdham.com\/kdhamproducts\/product\/through-and-through-yoga\/#primaryimage"},"thumbnailUrl":"https:\/\/kdham.com\/kdhamproducts\/wp-content\/uploads\/2021\/12\/book-77.jpg","datePublished":"2021-12-22T11:54:18+00:00","dateModified":"2024-10-13T09:29:18+00:00","breadcrumb":{"@id":"https:\/\/kdham.com\/kdhamproducts\/product\/through-and-through-yoga\/#breadcrumb"},"inLanguage":"en-US","potentialAction":[{"@type":"ReadAction","target":["https:\/\/kdham.com\/kdhamproducts\/product\/through-and-through-yoga\/"]}]},{"@type":"ImageObject","inLanguage":"en-US","@id":"https:\/\/kdham.com\/kdhamproducts\/product\/through-and-through-yoga\/#primaryimage","url":"https:\/\/kdham.com\/kdhamproducts\/wp-content\/uploads\/2021\/12\/book-77.jpg","contentUrl":"https:\/\/kdham.com\/kdhamproducts\/wp-content\/uploads\/2021\/12\/book-77.jpg","width":600,"height":957},{"@type":"BreadcrumbList","@id":"https:\/\/kdham.com\/kdhamproducts\/product\/through-and-through-yoga\/#breadcrumb","itemListElement":[{"@type":"ListItem","position":1,"name":"Home","item":"https:\/\/kdham.com\/kdhamproducts\/"},{"@type":"ListItem","position":2,"name":"Shop","item":"https:\/\/kdham.com\/kdhamproducts\/shop\/"},{"@type":"ListItem","position":3,"name":"Through and Through Yoga"}]},{"@type":"WebSite","@id":"https:\/\/kdham.com\/kdhamproducts\/#website","url":"https:\/\/kdham.com\/kdhamproducts\/","name":"Kdhamproducts - Buy Online Kaivalyadhama Publications","description":"Kaivalyadhama - Where Yoga Tradition and science meet","potentialAction":[{"@type":"SearchAction","target":{"@type":"EntryPoint","urlTemplate":"https:\/\/kdham.com\/kdhamproducts\/?s={search_term_string}"},"query-input":{"@type":"PropertyValueSpecification","valueRequired":true,"valueName":"search_term_string"}}],"inLanguage":"en-US"}]}},"_links":{"self":[{"href":"https:\/\/kdham.com\/kdhamproducts\/wp-json\/wp\/v2\/product\/16822","targetHints":{"allow":["GET"]}}],"collection":[{"href":"https:\/\/kdham.com\/kdhamproducts\/wp-json\/wp\/v2\/product"}],"about":[{"href":"https:\/\/kdham.com\/kdhamproducts\/wp-json\/wp\/v2\/types\/product"}],"replies":[{"embeddable":true,"href":"https:\/\/kdham.com\/kdhamproducts\/wp-json\/wp\/v2\/comments?post=16822"}],"wp:featuredmedia":[{"embeddable":true,"href":"https:\/\/kdham.com\/kdhamproducts\/wp-json\/wp\/v2\/media\/16825"}],"wp:attachment":[{"href":"https:\/\/kdham.com\/kdhamproducts\/wp-json\/wp\/v2\/media?parent=16822"}],"wp:term":[{"taxonomy":"product_cat","embeddable":true,"href":"https:\/\/kdham.com\/kdhamproducts\/wp-json\/wp\/v2\/product_cat?post=16822"},{"taxonomy":"product_tag","embeddable":true,"href":"https:\/\/kdham.com\/kdhamproducts\/wp-json\/wp\/v2\/product_tag?post=16822"}],"curies":[{"name":"wp","href":"https:\/\/api.w.org\/{rel}","templated":true}]}}